{"id":9755,"date":"2025-08-19T08:49:20","date_gmt":"2025-08-19T06:49:20","guid":{"rendered":"https:\/\/cybrela.com\/?page_id=9755"},"modified":"2025-08-19T08:55:38","modified_gmt":"2025-08-19T06:55:38","slug":"cybersecurity-specialist","status":"publish","type":"page","link":"https:\/\/cybrela.com\/en\/specialista-kyberneticke-bezpecnosti\/","title":{"rendered":"Specialista kybernetick\u00e9 bezpe\u010dnosti"},"content":{"rendered":"<div data-elementor-type=\"wp-page\" data-elementor-id=\"9755\" class=\"elementor elementor-9755\" data-elementor-post-type=\"page\">\n\t\t\t\t\t\t<section class=\"elementor-section elementor-top-section elementor-element elementor-element-149b22db elementor-section-boxed elementor-section-height-default elementor-section-height-default\" data-id=\"149b22db\" data-element_type=\"section\" data-e-type=\"section\" data-settings=\"{&quot;jet_parallax_layout_list&quot;:[]}\">\n\t\t\t\t\t\t<div class=\"elementor-container elementor-column-gap-default\">\n\t\t\t\t\t<div class=\"elementor-column elementor-col-100 elementor-top-column elementor-element elementor-element-1886a950\" data-id=\"1886a950\" data-element_type=\"column\" data-e-type=\"column\">\n\t\t\t<div class=\"elementor-widget-wrap elementor-element-populated\">\n\t\t\t\t\t\t<div class=\"elementor-element elementor-element-9cb86d2 elementor-widget elementor-widget-heading\" data-id=\"9cb86d2\" data-element_type=\"widget\" data-e-type=\"widget\" data-widget_type=\"heading.default\">\n\t\t\t\t<div class=\"elementor-widget-container\">\n\t\t\t\t\t<h1 class=\"elementor-heading-title elementor-size-default\">Cybersecurity Specialist (ISMS)<\/h1>\t\t\t\t<\/div>\n\t\t\t\t<\/div>\n\t\t\t\t<div class=\"elementor-element elementor-element-b81e3cb elementor-align-start elementor-icon-list--layout-traditional elementor-list-item-link-full_width elementor-widget elementor-widget-icon-list\" data-id=\"b81e3cb\" data-element_type=\"widget\" data-e-type=\"widget\" data-widget_type=\"icon-list.default\">\n\t\t\t\t<div class=\"elementor-widget-container\">\n\t\t\t\t\t\t\t<ul class=\"elementor-icon-list-items\">\n\t\t\t\t\t\t\t<li class=\"elementor-icon-list-item\">\n\t\t\t\t\t\t\t\t\t\t\t<span class=\"elementor-icon-list-icon\">\n\t\t\t\t\t\t\t<i aria-hidden=\"true\" class=\"fas fa-map-marker-alt\"><\/i>\t\t\t\t\t\t<\/span>\n\t\t\t\t\t\t\t\t\t\t<span class=\"elementor-icon-list-text\">Dukelsk\u00fdch hrdin\u016f 564\/34, Praha \u2013 Hole\u0161ovice<\/span>\n\t\t\t\t\t\t\t\t\t<\/li>\n\t\t\t\t\t\t\t\t<li class=\"elementor-icon-list-item\">\n\t\t\t\t\t\t\t\t\t\t\t<span class=\"elementor-icon-list-icon\">\n\t\t\t\t\t\t\t<i aria-hidden=\"true\" class=\"fas fa-graduation-cap\"><\/i>\t\t\t\t\t\t<\/span>\n\t\t\t\t\t\t\t\t\t\t<span class=\"elementor-icon-list-text\">Medior (2\u20133 years of experience)<\/span>\n\t\t\t\t\t\t\t\t\t<\/li>\n\t\t\t\t\t\t<\/ul>\n\t\t\t\t\t\t<\/div>\n\t\t\t\t<\/div>\n\t\t\t\t<div class=\"elementor-element elementor-element-6146c4a elementor-widget elementor-widget-text-editor\" data-id=\"6146c4a\" data-element_type=\"widget\" data-e-type=\"widget\" data-widget_type=\"text-editor.default\">\n\t\t\t\t<div class=\"elementor-widget-container\">\n\t\t\t\t\t\t\t\t\t<p><strong>Are you into cybersecurity and want to grow in this field? Do you enjoy diverse work and the chance to help build internal processes for various \u2013 sometimes \u2013 international companies?<\/strong><\/p>\n<p>We\u2019re looking for someone who wants to develop in the area of cyber and information security, especially on the process side. Someone creative, adaptable, and able to fit into the workflow of different companies we support. It\u2019s a field that\u2019s constantly evolving, and we\u2019re learning something new every single day.<\/p>\t\t\t\t\t\t\t\t<\/div>\n\t\t\t\t<\/div>\n\t\t\t\t<div class=\"elementor-element elementor-element-8e076a8 elementor-widget-divider--view-line elementor-widget elementor-widget-divider\" data-id=\"8e076a8\" data-element_type=\"widget\" data-e-type=\"widget\" data-widget_type=\"divider.default\">\n\t\t\t\t<div class=\"elementor-widget-container\">\n\t\t\t\t\t\t\t<div class=\"elementor-divider\">\n\t\t\t<span class=\"elementor-divider-separator\">\n\t\t\t\t\t\t<\/span>\n\t\t<\/div>\n\t\t\t\t\t\t<\/div>\n\t\t\t\t<\/div>\n\t\t\t\t<div class=\"elementor-element elementor-element-5464943 elementor-widget elementor-widget-text-editor\" data-id=\"5464943\" data-element_type=\"widget\" data-e-type=\"widget\" data-widget_type=\"text-editor.default\">\n\t\t\t\t<div class=\"elementor-widget-container\">\n\t\t\t\t\t\t\t\t\t<h2><strong>What would you do?<\/strong><\/h2>\t\t\t\t\t\t\t\t<\/div>\n\t\t\t\t<\/div>\n\t\t\t\t<div class=\"elementor-element elementor-element-9c58f86 elementor-widget elementor-widget-text-editor\" data-id=\"9c58f86\" data-element_type=\"widget\" data-e-type=\"widget\" data-widget_type=\"text-editor.default\">\n\t\t\t\t<div class=\"elementor-widget-container\">\n\t\t\t\t\t\t\t\t\t<ul>\n<li>Drafting and revising internal documentation<\/li>\n<li>Designing tailor-made processes for each client, so they actually make sense for their employees<\/li>\n<li>Taking part in internal and external processes \u2013 sometimes as auditor, sometimes as \u201cdefender\u201d <em>\"<\/em>obh\u00e1jce<em>\u201c<\/em><\/li>\n<li>Creating articles and educational materials, because we believe cybersecurity should be part of everyday life<\/li>\n<li>Supporting new project implementations and regularly evaluating them with project managers<\/li>\n<li>Training employees as well as the public (e.g. via webinars)<\/li>\n<li>Bringing fresh ideas and constructively challenging others \u2013 because different perspectives move us forward<\/li>\n<\/ul>\t\t\t\t\t\t\t\t<\/div>\n\t\t\t\t<\/div>\n\t\t\t\t<div class=\"elementor-element elementor-element-a9953d0 elementor-widget-divider--view-line elementor-widget elementor-widget-divider\" data-id=\"a9953d0\" data-element_type=\"widget\" data-e-type=\"widget\" data-widget_type=\"divider.default\">\n\t\t\t\t<div class=\"elementor-widget-container\">\n\t\t\t\t\t\t\t<div class=\"elementor-divider\">\n\t\t\t<span class=\"elementor-divider-separator\">\n\t\t\t\t\t\t<\/span>\n\t\t<\/div>\n\t\t\t\t\t\t<\/div>\n\t\t\t\t<\/div>\n\t\t\t\t<div class=\"elementor-element elementor-element-997bc01 elementor-widget elementor-widget-text-editor\" data-id=\"997bc01\" data-element_type=\"widget\" data-e-type=\"widget\" data-widget_type=\"text-editor.default\">\n\t\t\t\t<div class=\"elementor-widget-container\">\n\t\t\t\t\t\t\t\t\t<h2><strong>What do you need?<\/strong><\/h2>\t\t\t\t\t\t\t\t<\/div>\n\t\t\t\t<\/div>\n\t\t\t\t<div class=\"elementor-element elementor-element-c272fda elementor-widget elementor-widget-text-editor\" data-id=\"c272fda\" data-element_type=\"widget\" data-e-type=\"widget\" data-widget_type=\"text-editor.default\">\n\t\t\t\t<div class=\"elementor-widget-container\">\n\t\t\t\t\t\t\t\t\t<ul>\n<li>University degree and 2\u20133 years of experience<\/li>\n<li>Experience in data protection or information security is a plus<\/li>\n<li>Awareness of ISO 27001<\/li>\n<li>Knowledge of the Cybersecurity Act and related decree<\/li>\n<li>Fluency in Czech and English<\/li>\n<li>Confidence (or willingness to build confidence) in presenting and talking to clients<\/li>\n<li>Reliability and trustworthiness \u2013 we don\u2019t do micromanagement, but deadlines matter<\/li>\n<\/ul>\t\t\t\t\t\t\t\t<\/div>\n\t\t\t\t<\/div>\n\t\t\t\t<div class=\"elementor-element elementor-element-f8aa26c elementor-widget-divider--view-line elementor-widget elementor-widget-divider\" data-id=\"f8aa26c\" data-element_type=\"widget\" data-e-type=\"widget\" data-widget_type=\"divider.default\">\n\t\t\t\t<div class=\"elementor-widget-container\">\n\t\t\t\t\t\t\t<div class=\"elementor-divider\">\n\t\t\t<span class=\"elementor-divider-separator\">\n\t\t\t\t\t\t<\/span>\n\t\t<\/div>\n\t\t\t\t\t\t<\/div>\n\t\t\t\t<\/div>\n\t\t\t\t<div class=\"elementor-element elementor-element-77e0cff elementor-widget elementor-widget-text-editor\" data-id=\"77e0cff\" data-element_type=\"widget\" data-e-type=\"widget\" data-widget_type=\"text-editor.default\">\n\t\t\t\t<div class=\"elementor-widget-container\">\n\t\t\t\t\t\t\t\t\t<h2><strong>What do we offer?<\/strong><\/h2>\t\t\t\t\t\t\t\t<\/div>\n\t\t\t\t<\/div>\n\t\t\t\t<div class=\"elementor-element elementor-element-a26dec7 elementor-widget elementor-widget-text-editor\" data-id=\"a26dec7\" data-element_type=\"widget\" data-e-type=\"widget\" data-widget_type=\"text-editor.default\">\n\t\t\t\t<div class=\"elementor-widget-container\">\n\t\t\t\t\t\t\t\t\t<ul class=\"typography-body-large-text-regular\">\n<li>4-day project work week (Mon\u2013Thu)<\/li>\n<li>Friday mornings reserved for self-development (plus a dedicated budget for it)<\/li>\n<li>The rest of Friday off \u2013 head for the weekend, take a course, or just relax<\/li>\n<li>Hybrid work (office + home office)<\/li>\n<li>Independent and responsible role<\/li>\n<li>Office in Prague 7 near Veletr\u017en\u00ed pal\u00e1c<\/li>\n<li>Monthly team activities (dinner, bowling, etc.)<\/li>\n<li>Extra budget for sports, wellness, or massages<\/li>\n<li>Annual public transport pass covered<\/li>\n<li>Kitchen stocked with snacks, fruit, yogurts, coffee, soda\u2026<\/li>\n<li>3 sick days per year<\/li>\n<li>25 days of vacation (shorter work week doesn\u2019t reduce your entitlement)<\/li>\n<li>Vitamins during flu season<\/li>\n<li>And if you feel something\u2019s missing \u2013 tell us, and maybe we can make it happen \ud83d\ude42<\/li>\n<\/ul>\t\t\t\t\t\t\t\t<\/div>\n\t\t\t\t<\/div>\n\t\t\t\t<div class=\"elementor-element elementor-element-58b898c elementor-widget-divider--view-line elementor-widget elementor-widget-divider\" data-id=\"58b898c\" data-element_type=\"widget\" data-e-type=\"widget\" data-widget_type=\"divider.default\">\n\t\t\t\t<div class=\"elementor-widget-container\">\n\t\t\t\t\t\t\t<div class=\"elementor-divider\">\n\t\t\t<span class=\"elementor-divider-separator\">\n\t\t\t\t\t\t<\/span>\n\t\t<\/div>\n\t\t\t\t\t\t<\/div>\n\t\t\t\t<\/div>\n\t\t\t\t<div class=\"elementor-element elementor-element-fb75b68 elementor-cta--skin-classic elementor-animated-content elementor-widget elementor-widget-call-to-action\" data-id=\"fb75b68\" data-element_type=\"widget\" data-e-type=\"widget\" data-widget_type=\"call-to-action.default\">\n\t\t\t\t<div class=\"elementor-widget-container\">\n\t\t\t\t\t\t\t<div class=\"elementor-cta\">\n\t\t\t\t\t\t\t<div class=\"elementor-cta__content\">\n\t\t\t\t\n\t\t\t\t\t\t\t\t\t<h2 class=\"elementor-cta__title elementor-cta__content-item elementor-content-item\">\n\t\t\t\t\t\tInterested in the role?\t\t\t\t\t<\/h2>\n\t\t\t\t\n\t\t\t\t\t\t\t\t\t<div class=\"elementor-cta__description elementor-cta__content-item elementor-content-item\">\n\t\t\t\t\t\tTell us a bit about yourself. A short introduction or a CV is enough \u2013 and who knows, maybe we\u2019ll meet soon for a chat.\t\t\t\t\t<\/div>\n\t\t\t\t\n\t\t\t\t\t\t\t\t\t<div class=\"elementor-cta__button-wrapper elementor-cta__content-item elementor-content-item\">\n\t\t\t\t\t<a class=\"elementor-cta__button elementor-button elementor-size-\" href=\"https:\/\/cybrela.com\/en\/contact\/\">\n\t\t\t\t\t\tI\u2019m interested\t\t\t\t\t<\/a>\n\t\t\t\t\t<\/div>\n\t\t\t\t\t\t\t<\/div>\n\t\t\t\t\t\t<\/div>\n\t\t\t\t\t\t<\/div>\n\t\t\t\t<\/div>\n\t\t\t\t<div class=\"elementor-element elementor-element-e5396a7 elementor-widget elementor-widget-spacer\" data-id=\"e5396a7\" data-element_type=\"widget\" data-e-type=\"widget\" data-widget_type=\"spacer.default\">\n\t\t\t\t<div class=\"elementor-widget-container\">\n\t\t\t\t\t\t\t<div class=\"elementor-spacer\">\n\t\t\t<div class=\"elementor-spacer-inner\"><\/div>\n\t\t<\/div>\n\t\t\t\t\t\t<\/div>\n\t\t\t\t<\/div>\n\t\t\t\t\t<\/div>\n\t\t<\/div>\n\t\t\t\t\t<\/div>\n\t\t<\/section>\n\t\t\t\t<\/div>","protected":false},"excerpt":{"rendered":"<p>Hled\u00e1me nov\u00e9 kolegy, kte\u0159\u00ed pos\u00edl\u00ed n\u00e1\u0161 t\u00fdm a pom\u016f\u017eou n\u00e1m to nejcenn\u011bj\u0161\u00ed ve firm\u00e1ch. P\u0159idejte se k n\u00e1m jako specialista kybernetick\u00e9 bezpe\u010dnosti.<\/p>","protected":false},"author":8,"featured_media":0,"parent":0,"menu_order":0,"comment_status":"closed","ping_status":"closed","template":"","meta":{"footnotes":""},"class_list":["post-9755","page","type-page","status-publish","hentry"],"_links":{"self":[{"href":"https:\/\/cybrela.com\/en\/wp-json\/wp\/v2\/pages\/9755","targetHints":{"allow":["GET"]}}],"collection":[{"href":"https:\/\/cybrela.com\/en\/wp-json\/wp\/v2\/pages"}],"about":[{"href":"https:\/\/cybrela.com\/en\/wp-json\/wp\/v2\/types\/page"}],"author":[{"embeddable":true,"href":"https:\/\/cybrela.com\/en\/wp-json\/wp\/v2\/users\/8"}],"replies":[{"embeddable":true,"href":"https:\/\/cybrela.com\/en\/wp-json\/wp\/v2\/comments?post=9755"}],"version-history":[{"count":28,"href":"https:\/\/cybrela.com\/en\/wp-json\/wp\/v2\/pages\/9755\/revisions"}],"predecessor-version":[{"id":9790,"href":"https:\/\/cybrela.com\/en\/wp-json\/wp\/v2\/pages\/9755\/revisions\/9790"}],"wp:attachment":[{"href":"https:\/\/cybrela.com\/en\/wp-json\/wp\/v2\/media?parent=9755"}],"curies":[{"name":"wp","href":"https:\/\/api.w.org\/{rel}","templated":true}]}}