{"id":9046,"date":"2025-07-08T13:30:02","date_gmt":"2025-07-08T11:30:02","guid":{"rendered":"https:\/\/cybrela.com\/?page_id=9046"},"modified":"2025-08-12T13:53:52","modified_gmt":"2025-08-12T11:53:52","slug":"general-terms-and-conditions-for-events","status":"publish","type":"page","link":"https:\/\/cybrela.com\/en\/vseobecne-obchodni-podminky-pro-akce\/","title":{"rendered":"V\u0161eobecn\u00e9 obchodn\u00ed podm\u00ednky"},"content":{"rendered":"\t\t<div data-elementor-type=\"wp-page\" data-elementor-id=\"9046\" class=\"elementor elementor-9046\" data-elementor-post-type=\"page\">\n\t\t\t\t\t\t<section class=\"elementor-section elementor-top-section elementor-element elementor-element-149b22db elementor-section-boxed elementor-section-height-default elementor-section-height-default\" data-id=\"149b22db\" data-element_type=\"section\" data-e-type=\"section\" data-settings=\"{&quot;jet_parallax_layout_list&quot;:[]}\">\n\t\t\t\t\t\t<div class=\"elementor-container elementor-column-gap-default\">\n\t\t\t\t\t<div class=\"elementor-column elementor-col-100 elementor-top-column elementor-element elementor-element-1886a950\" data-id=\"1886a950\" data-element_type=\"column\" data-e-type=\"column\">\n\t\t\t<div class=\"elementor-widget-wrap elementor-element-populated\">\n\t\t\t\t\t\t<div class=\"elementor-element elementor-element-9cb86d2 elementor-widget elementor-widget-heading\" data-id=\"9cb86d2\" data-element_type=\"widget\" data-e-type=\"widget\" data-widget_type=\"heading.default\">\n\t\t\t\t<div class=\"elementor-widget-container\">\n\t\t\t\t\t<h1 class=\"elementor-heading-title elementor-size-default\">V\u0161eobecn\u00e9 obchodn\u00ed podm\u00ednky pro akce<\/h1>\t\t\t\t<\/div>\n\t\t\t\t<\/div>\n\t\t\t\t<div class=\"elementor-element elementor-element-e3cbc04 elementor-widget elementor-widget-text-editor\" data-id=\"e3cbc04\" data-element_type=\"widget\" data-e-type=\"widget\" data-widget_type=\"text-editor.default\">\n\t\t\t\t<div class=\"elementor-widget-container\">\n\t\t\t\t\t\t\t\t\t<p>Tyto podm\u00ednky upravuj\u00ed p\u0159ihl\u00e1\u0161en\u00ed, \u00fa\u010dast, platby a souvisej\u00edc\u00ed n\u00e1le\u017eitosti spojen\u00e9 s akcemi po\u0159\u00e1dan\u00fdmi spole\u010dnost\u00ed Cybrela s.r.o. (d\u00e1le jen \u201ePo\u0159adatel\u201c). Jejich aktu\u00e1ln\u00ed zn\u011bn\u00ed najdete na str\u00e1nce <a href=\"https:\/\/cybrela.com\/vseobecne-obchodni-podminky-pro-akce\/\" target=\"_blank\" rel=\"noopener\">https:\/\/cybrela.com\/vseobecne-obchodni-podminky-pro-akce\/<\/a><\/p>\t\t\t\t\t\t\t\t<\/div>\n\t\t\t\t<\/div>\n\t\t\t\t<div class=\"elementor-element elementor-element-6146c4a elementor-widget elementor-widget-text-editor\" data-id=\"6146c4a\" data-element_type=\"widget\" data-e-type=\"widget\" data-widget_type=\"text-editor.default\">\n\t\t\t\t<div class=\"elementor-widget-container\">\n\t\t\t\t\t\t\t\t\t<h5><strong>Po\u0159adatel<\/strong><\/h5><p><span data-contrast=\"auto\">Cybrela s.r.o. <\/span><span data-contrast=\"auto\">se s\u00eddlem Rybn\u00e1 682\/14, 110 00 Praha 1, I\u010c: 17597943, DI\u010c: CZ17597943; zapsan\u00e1 v obchodn\u00edm rejst\u0159\u00edku veden\u00e9m u M\u011bstsk\u00e9ho soudu v\u202fPraze pod sp. zn. C 373718.<\/span><\/p>\t\t\t\t\t\t\t\t<\/div>\n\t\t\t\t<\/div>\n\t\t\t\t<div class=\"elementor-element elementor-element-5464943 elementor-widget elementor-widget-text-editor\" data-id=\"5464943\" data-element_type=\"widget\" data-e-type=\"widget\" data-widget_type=\"text-editor.default\">\n\t\t\t\t<div class=\"elementor-widget-container\">\n\t\t\t\t\t\t\t\t\t<h5><b><span data-contrast=\"auto\">1. Definice<\/span><\/b><span data-ccp-props=\"{}\">\u00a0<\/span><\/h5><p><span data-contrast=\"auto\">V t\u011bchto Obchodn\u00edch podm\u00ednk\u00e1ch:<\/span><span data-ccp-props=\"{}\">\u00a0<\/span><\/p><ul><li aria-setsize=\"-1\" data-leveltext=\"\uf0b7\" data-font=\"Symbol\" data-listid=\"4\" data-list-defn-props=\"{&quot;335552541&quot;:1,&quot;335559685&quot;:360,&quot;335559991&quot;:360,&quot;469769226&quot;:&quot;Symbol&quot;,&quot;469769242&quot;:[8226],&quot;469777803&quot;:&quot;left&quot;,&quot;469777804&quot;:&quot;\uf0b7&quot;,&quot;469777815&quot;:&quot;hybridMultilevel&quot;}\" data-aria-posinset=\"1\" data-aria-level=\"1\"><span data-contrast=\"auto\">se pou\u017e\u00edvaj\u00ed definice uveden\u00e9 ve VOP;<\/span><span data-ccp-props=\"{}\">\u00a0<\/span><\/li><li aria-setsize=\"-1\" data-leveltext=\"\uf0b7\" data-font=\"Symbol\" data-listid=\"4\" data-list-defn-props=\"{&quot;335552541&quot;:1,&quot;335559685&quot;:360,&quot;335559991&quot;:360,&quot;469769226&quot;:&quot;Symbol&quot;,&quot;469769242&quot;:[8226],&quot;469777803&quot;:&quot;left&quot;,&quot;469777804&quot;:&quot;\uf0b7&quot;,&quot;469777815&quot;:&quot;hybridMultilevel&quot;}\" data-aria-posinset=\"2\" data-aria-level=\"1\"><span data-contrast=\"auto\">pod pojmem Akce se rozum\u00ed prezen\u010dn\u00ed kurzy, \u0161kolen\u00ed, p\u0159edn\u00e1\u0161ky, konference i online webin\u00e1\u0159e \u2013 zkr\u00e1tka v\u0161e, co po\u0159\u00e1d\u00e1me a zve\u0159ej\u0148ujeme na str\u00e1nce <\/span><strong><a href=\"https:\/\/cybrela.com\/udalosti\" target=\"_blank\" rel=\"noopener\">https:\/\/cybrela.com\/udalosti<\/a><\/strong><\/li><\/ul>\t\t\t\t\t\t\t\t<\/div>\n\t\t\t\t<\/div>\n\t\t\t\t<div class=\"elementor-element elementor-element-9c58f86 elementor-widget elementor-widget-text-editor\" data-id=\"9c58f86\" data-element_type=\"widget\" data-e-type=\"widget\" data-widget_type=\"text-editor.default\">\n\t\t\t\t<div class=\"elementor-widget-container\">\n\t\t\t\t\t\t\t\t\t<h5><strong>2. Jak se registrovat<\/strong><\/h5><p>Objedn\u00e1vky <em>(d\u00e1le tak\u00e9 jako \u201eRegistrace\u201c)<\/em> \u00fa\u010dasti na jednotliv\u00fdch Akc\u00edch p\u0159ij\u00edm\u00e1me prost\u0159ednictv\u00edm p\u0159ihl\u00e1\u0161ek p\u0159es registra\u010dn\u00ed formul\u00e1\u0159e v MS Forms, MS Teams, e-mailem nebo telefonicky. P\u0159ihl\u00e1\u0161ky \u0159ad\u00edme podle term\u00ednu doru\u010den\u00ed.<\/p><p>Kliknut\u00edm na tla\u010d\u00edtko \u201eRegistrovat\u201c, \u201eObjednat\u201c nebo podobn\u00e9 v registra\u010dn\u00edm formul\u00e1\u0159i z\u00e1vazn\u011b potvrzujete sv\u016fj z\u00e1jem o \u00fa\u010dast na dan\u00e9 Akci.Z\u00e1kazn\u00edk odpov\u00edd\u00e1 za<\/p><p>spr\u00e1vnost \u00fadaj\u016f uveden\u00fdch v\u202fregistra\u010dn\u00edm formul\u00e1\u0159i. Jak\u00e9koli zm\u011bny \u00fadaj\u016f je Z\u00e1kazn\u00edk povinen neprodlen\u011b ozn\u00e1mit Po\u0159adateli. Po p\u0159ijet\u00ed objedn\u00e1vky obdr\u017e\u00ed Z\u00e1kazn\u00edk od Po\u0159adatele potvrzen\u00ed registrace na sd\u011blen\u00fd \u010di zadan\u00fd e-mail <em>(d\u00e1le tak\u00e9 jako \u201cPotvrzen\u00ed registrace\u201d)<\/em>.<\/p>\t\t\t\t\t\t\t\t<\/div>\n\t\t\t\t<\/div>\n\t\t\t\t<div class=\"elementor-element elementor-element-fa9ba8e elementor-widget elementor-widget-text-editor\" data-id=\"fa9ba8e\" data-element_type=\"widget\" data-e-type=\"widget\" data-widget_type=\"text-editor.default\">\n\t\t\t\t<div class=\"elementor-widget-container\">\n\t\t\t\t\t\t\t\t\t<h5><strong>3. N\u00e1hradn\u00edci<\/strong><\/h5><p>Pokud je kapacita Akce napln\u011bna, m\u016f\u017eete b\u00fdt za\u0159azeni jako n\u00e1hradn\u00edci. V p\u0159\u00edpad\u011b uvoln\u011bn\u00ed m\u00edsta v\u00e1s kontaktujeme.<\/p>\t\t\t\t\t\t\t\t<\/div>\n\t\t\t\t<\/div>\n\t\t\t\t<div class=\"elementor-element elementor-element-d96c8ed elementor-widget elementor-widget-text-editor\" data-id=\"d96c8ed\" data-element_type=\"widget\" data-e-type=\"widget\" data-widget_type=\"text-editor.default\">\n\t\t\t\t<div class=\"elementor-widget-container\">\n\t\t\t\t\t\t\t\t\t<h5><strong>4. Cena a platba<\/strong><\/h5><p>Ceny uveden\u00e9 na webov\u00fdch str\u00e1nk\u00e1ch jsou uveden\u00e9 bez DPH. Cena zahrnuje \u00fa\u010dast, podklady a u prezen\u010dn\u00edch Akc\u00ed tak\u00e9 ob\u010derstven\u00ed.<\/p><p>Poplatek za \u00fa\u010dast na Akci je splatn\u00fd do 14 dn\u00ed od vystaven\u00ed faktury, nejpozd\u011bji v\u0161ak v den kon\u00e1n\u00ed Akce, pokud nen\u00ed uvedeno jinak. Standardn\u011b prob\u00edh\u00e1 \u00fahrada p\u0159evodem na \u00fa\u010det dle \u00fadaj\u016f na faktu\u0159e.<\/p>\t\t\t\t\t\t\t\t<\/div>\n\t\t\t\t<\/div>\n\t\t\t\t<div class=\"elementor-element elementor-element-bba1051 elementor-widget elementor-widget-text-editor\" data-id=\"bba1051\" data-element_type=\"widget\" data-e-type=\"widget\" data-widget_type=\"text-editor.default\">\n\t\t\t\t<div class=\"elementor-widget-container\">\n\t\t\t\t\t\t\t\t\t<h5><strong>5. Storno podm\u00ednky \u2013 prezen\u010dn\u00ed akce <\/strong><\/h5><p>Zru\u0161it \u00fa\u010dast je mo\u017en\u00e9 u prezen\u010dn\u00edch Akc\u00ed nejpozd\u011bji 5 pracovn\u00edch dn\u00ed p\u0159ed kon\u00e1n\u00edm Akce. K informov\u00e1n\u00ed o zru\u0161en\u00ed sv\u00e9 \u00fa\u010dasti na Akci m\u016f\u017eete vyu\u017e\u00edt e-mail, kter\u00fd najdete v potvrzen\u00ed registrace.<\/p><ul><li>P\u0159i zru\u0161en\u00ed 5 a v\u00edce dn\u00ed p\u0159edem: vrac\u00edme 100 %<\/li><li>3\u20134 dny p\u0159edem: storno poplatek 50 %<\/li><li>2 dny a m\u00e9n\u011b: storno ji\u017e nen\u00ed mo\u017en\u00e9<\/li><\/ul><p>V p\u0159\u00edpad\u011b \u00fahrady nab\u00edz\u00edme mo\u017enost poslat n\u00e1hradn\u00edka nebo vystavit dobropis.\u00a0<\/p>\t\t\t\t\t\t\t\t<\/div>\n\t\t\t\t<\/div>\n\t\t\t\t<div class=\"elementor-element elementor-element-c005743 elementor-widget elementor-widget-text-editor\" data-id=\"c005743\" data-element_type=\"widget\" data-e-type=\"widget\" data-widget_type=\"text-editor.default\">\n\t\t\t\t<div class=\"elementor-widget-container\">\n\t\t\t\t\t\t\t\t\t<h5><strong>6. Storno podm\u00ednky \u2013 online akce <\/strong><\/h5><p>Registraci na placenou online Akci lze zru\u0161it kdykoli p\u0159ed jej\u00edm zah\u00e1jen\u00edm, nejpozd\u011bji v\u0161ak 3 dny p\u0159ed kon\u00e1n\u00edm Akce. V p\u0159\u00edpad\u011b \u00fahrady vrac\u00edme poplatek ve form\u011b kreditu na dal\u0161\u00ed Akci nebo dobropisu<em> (stejn\u00fdm zp\u016fsobem, jak\u00fdm byla provedena platba)<\/em>.<\/p>\t\t\t\t\t\t\t\t<\/div>\n\t\t\t\t<\/div>\n\t\t\t\t<div class=\"elementor-element elementor-element-c272fda elementor-widget elementor-widget-text-editor\" data-id=\"c272fda\" data-element_type=\"widget\" data-e-type=\"widget\" data-widget_type=\"text-editor.default\">\n\t\t\t\t<div class=\"elementor-widget-container\">\n\t\t\t\t\t\t\t\t\t<h5><strong>7. Garance vr\u00e1cen\u00ed pen\u011bz<\/strong><\/h5><p>V p\u0159\u00edpad\u011b zru\u0161en\u00ed Registrace s dostate\u010dn\u00fdm p\u0159edstihem nab\u00edz\u00edme Akce s garanc\u00ed vr\u00e1cen\u00ed pen\u011bz. Vr\u00e1cen\u00ed prob\u011bhne do 14 dn\u016f. P\u0159i opakovan\u00e9m nebo zjevn\u011b neopodstatn\u011bn\u00e9m uplat\u0148ov\u00e1n\u00ed garance si vyhrazujeme pr\u00e1vo \u017e\u00e1dost individu\u00e1ln\u011b posoudit.<\/p>\t\t\t\t\t\t\t\t<\/div>\n\t\t\t\t<\/div>\n\t\t\t\t<div class=\"elementor-element elementor-element-a26dec7 elementor-widget elementor-widget-text-editor\" data-id=\"a26dec7\" data-element_type=\"widget\" data-e-type=\"widget\" data-widget_type=\"text-editor.default\">\n\t\t\t\t<div class=\"elementor-widget-container\">\n\t\t\t\t\t\t\t\t\t<h5><strong>8. Zm\u011bny v organizaci<\/strong><\/h5><p>Po\u0159adatel si vyhrazuje pr\u00e1vo zm\u011bnit m\u00edsto kon\u00e1n\u00ed, term\u00edn, lektora nebo formu Akce <em>(nap\u0159. z fyzick\u00e9 na online)<\/em> \u2013 v\u017edy s p\u0159edchoz\u00edm informov\u00e1n\u00edm p\u0159ihl\u00e1\u0161en\u00fdch. V p\u0159\u00edpad\u011b z\u00e1sadn\u00ed zm\u011bny Akce umo\u017e\u0148ujeme zru\u0161en\u00ed registrace bez storno poplatku.<\/p>\t\t\t\t\t\t\t\t<\/div>\n\t\t\t\t<\/div>\n\t\t\t\t<div class=\"elementor-element elementor-element-5ac8d42 elementor-widget elementor-widget-text-editor\" data-id=\"5ac8d42\" data-element_type=\"widget\" data-e-type=\"widget\" data-widget_type=\"text-editor.default\">\n\t\t\t\t<div class=\"elementor-widget-container\">\n\t\t\t\t\t\t\t\t\t<h5><strong>9. Zru\u0161en\u00ed akce<\/strong><\/h5><p>Pokud dojde ke zru\u0161en\u00ed Akce ze strany po\u0159adatele<em> (nap\u0159. z organiza\u010dn\u00edch nebo kapacitn\u00edch d\u016fvod\u016f)<\/em>, vrac\u00edme \u00fa\u010dastnick\u00fd poplatek v pln\u00e9 v\u00fd\u0161i nebo nab\u00eddneme n\u00e1hradn\u00ed term\u00edn Akce.<\/p>\t\t\t\t\t\t\t\t<\/div>\n\t\t\t\t<\/div>\n\t\t\t\t<div class=\"elementor-element elementor-element-5552343 elementor-widget elementor-widget-text-editor\" data-id=\"5552343\" data-element_type=\"widget\" data-e-type=\"widget\" data-widget_type=\"text-editor.default\">\n\t\t\t\t<div class=\"elementor-widget-container\">\n\t\t\t\t\t\t\t\t\t<h5><strong>10. Autorsk\u00e1 pr\u00e1va<\/strong><\/h5><p>Materi\u00e1ly a podklady k Akc\u00edm jsou chr\u00e1n\u011bny autorsk\u00fdm pr\u00e1vem. Jejich \u0161\u00ed\u0159en\u00ed, \u00faprava \u010di komer\u010dn\u00ed vyu\u017eit\u00ed bez souhlasu Po\u0159adatele je zak\u00e1z\u00e1no. Online Akce i z\u00e1znamy jsou ur\u010deny v\u00fdhradn\u011b pro osobn\u00ed pot\u0159ebu fyzick\u00e9 osoby, kter\u00e1 se na Akci registrovala. Poskytnut\u00ed t\u0159et\u00edm osob\u00e1m nebo spole\u010dnostem nen\u00ed dovoleno.<\/p>\t\t\t\t\t\t\t\t<\/div>\n\t\t\t\t<\/div>\n\t\t\t\t<div class=\"elementor-element elementor-element-0dacd32 elementor-widget elementor-widget-text-editor\" data-id=\"0dacd32\" data-element_type=\"widget\" data-e-type=\"widget\" data-widget_type=\"text-editor.default\">\n\t\t\t\t<div class=\"elementor-widget-container\">\n\t\t\t\t\t\t\t\t\t<h5><strong>11. Ochrana osobn\u00edch \u00fadaj\u016f<\/strong><\/h5><p>Zp\u016fsob nakl\u00e1d\u00e1n\u00ed s osobn\u00edmi \u00fadaji je pops\u00e1n v z\u00e1sad\u00e1ch zpracov\u00e1n\u00ed osobn\u00edch \u00fadaj\u016f, dostupn\u00fdch zde: <a href=\"https:\/\/cybrela.com\/ochrana-osobnich-udaju\/\" target=\"_blank\" rel=\"noopener\">https:\/\/cybrela.com\/ochrana-osobnich-udaju\/<\/a><\/p>\t\t\t\t\t\t\t\t<\/div>\n\t\t\t\t<\/div>\n\t\t\t\t<div class=\"elementor-element elementor-element-b8ddca0 elementor-widget elementor-widget-text-editor\" data-id=\"b8ddca0\" data-element_type=\"widget\" data-e-type=\"widget\" data-widget_type=\"text-editor.default\">\n\t\t\t\t<div class=\"elementor-widget-container\">\n\t\t\t\t\t\t\t\t\t<h5><strong>12. P\u0159\u00edm\u00fd marketing<\/strong><\/h5><p>Pokud se stanete \u00fa\u010dastn\u00edkem na\u0161\u00edch Akc\u00ed, souhlas\u00edte, \u017ee v\u00e1m m\u016f\u017eeme ob\u010das poslat pozv\u00e1nky na dal\u0161\u00ed Akce nebo informace o novink\u00e1ch. D\u011bl\u00e1me to v p\u0159im\u011b\u0159en\u00e9m rozsahu <em>(obvykle 1\u20133x m\u011bs\u00ed\u010dn\u011b)<\/em>, a jen pokud to m\u00e1 smysl.<\/p><p>Z odb\u011bru se m\u016f\u017eete kdykoli odhl\u00e1sit \u2013 bu\u010f kliknut\u00edm v e-mailu, nebo naps\u00e1n\u00edm odpov\u011bdi na n\u00e1\u0161 e-mail <a href=\"mailto:info@cybrela.com\"><strong>info@cybrela.com<\/strong><\/a>. Pr\u00e1vn\u00edm z\u00e1kladem je n\u00e1\u0161 opr\u00e1vn\u011bn\u00fd z\u00e1jem.<\/p>\t\t\t\t\t\t\t\t<\/div>\n\t\t\t\t<\/div>\n\t\t\t\t<div class=\"elementor-element elementor-element-dea3f9c elementor-widget elementor-widget-text-editor\" data-id=\"dea3f9c\" data-element_type=\"widget\" data-e-type=\"widget\" data-widget_type=\"text-editor.default\">\n\t\t\t\t<div class=\"elementor-widget-container\">\n\t\t\t\t\t\t\t\t\t<h5><strong>13. \u00da\u010dinnost<\/strong><\/h5><p>Tyto podm\u00ednky nab\u00fdvaj\u00ed platnosti dne 1. 8. 2025.<\/p>\t\t\t\t\t\t\t\t<\/div>\n\t\t\t\t<\/div>\n\t\t\t\t\t<\/div>\n\t\t<\/div>\n\t\t\t\t\t<\/div>\n\t\t<\/section>\n\t\t\t\t<\/div>\n\t\t","protected":false},"excerpt":{"rendered":"<p>Please read the terms and conditions which govern registration, participation, payment and related matters associated with the events we organise.<\/p>","protected":false},"author":8,"featured_media":0,"parent":0,"menu_order":0,"comment_status":"closed","ping_status":"closed","template":"elementor_header_footer","meta":{"footnotes":""},"class_list":["post-9046","page","type-page","status-publish","hentry"],"_links":{"self":[{"href":"https:\/\/cybrela.com\/en\/wp-json\/wp\/v2\/pages\/9046","targetHints":{"allow":["GET"]}}],"collection":[{"href":"https:\/\/cybrela.com\/en\/wp-json\/wp\/v2\/pages"}],"about":[{"href":"https:\/\/cybrela.com\/en\/wp-json\/wp\/v2\/types\/page"}],"author":[{"embeddable":true,"href":"https:\/\/cybrela.com\/en\/wp-json\/wp\/v2\/users\/8"}],"replies":[{"embeddable":true,"href":"https:\/\/cybrela.com\/en\/wp-json\/wp\/v2\/comments?post=9046"}],"version-history":[{"count":17,"href":"https:\/\/cybrela.com\/en\/wp-json\/wp\/v2\/pages\/9046\/revisions"}],"predecessor-version":[{"id":9659,"href":"https:\/\/cybrela.com\/en\/wp-json\/wp\/v2\/pages\/9046\/revisions\/9659"}],"wp:attachment":[{"href":"https:\/\/cybrela.com\/en\/wp-json\/wp\/v2\/media?parent=9046"}],"curies":[{"name":"wp","href":"https:\/\/api.w.org\/{rel}","templated":true}]}}